{"id":107,"date":"2015-05-28T10:44:14","date_gmt":"2015-05-28T09:44:14","guid":{"rendered":"http:\/\/www.corsenature.com\/?page_id=107"},"modified":"2023-01-03T15:43:05","modified_gmt":"2023-01-03T14:43:05","slug":"mentions-legales","status":"publish","type":"page","link":"https:\/\/www.corsenature.com\/en\/mentions-legales\/","title":{"rendered":"Legal informations"},"content":{"rendered":"<p><\/p>\n<h1>Mentions l\u00e9gales<\/h1>\n<ol>\n<li style=\"text-align: justify;\"><strong> Pr\u00e9sentation <\/strong><br \/>\nSelon l&#8217;article 6 de la loi n\u00b0 2004-575 du 21 juin 2004 concernant la confiance dans l&#8217;\u00e9conomie num\u00e9rique, il est pr\u00e9cis\u00e9 l&#8217;identit\u00e9 des diff\u00e9rents intervenants aux utilisateurs du site <strong>www.corsenature.com<\/strong>. Propri\u00e9taire &amp; Responsable de publication : <strong>Domaine de Croccano<\/strong> &#8211; Route de Granace, 20100 Sart\u00e8ne. Cr\u00e9ation : Syxago 84210 Pernes les Fontaines &#8211; Webdesign : <a href=\"https:\/\/www.graficjooz.com\" target=\"_blank\" rel=\"noopener\">graficjooz.com<\/a><\/li>\n<li style=\"text-align: justify;\"><strong> Conditions g\u00e9n\u00e9rales d\u2019utilisation<\/strong><br \/>\nL\u2019utilisation du site <strong>www.corsenature.com<\/strong> signifie l\u2019acceptation des conditions g\u00e9n\u00e9rales d\u2019utilisation. Celles-ci peuvent \u00eatre modifi\u00e9es ou compl\u00e9t\u00e9es \u00e0 tout moment, les utilisateurs sont donc invit\u00e9s \u00e0 les consulter r\u00e9guli\u00e8rement. Le site est accessible \u00e0 tout moment, sauf interruption pour maintenance technique par Syxago, Webmaster.<\/li>\n<li style=\"text-align: justify;\"><strong> Services<\/strong><br \/>\nle site <strong>www.corsenature.com<\/strong> a pour but de diffuser des informations concernant le d\u00e9tail de l&#8217;activit\u00e9 de l&#8217;entreprise. Le <strong>Domaine de Croccano<\/strong> s\u2019efforce de fournir des informations aussi pr\u00e9cises que possible. Toutefois, le propri\u00e9taire du site ne pourra \u00eatre tenu responsable des omissions, des inexactitudes et des carences dans la mise \u00e0 jour, qu\u2019elles soient de son fait ou du fait d&#8217;un tiers partenaire qui lui fourni ces informations. Tous les informations pr\u00e9sentes sur le site<strong> www.corsenature.com<\/strong> sont donn\u00e9es \u00e0 titre indicatif, et peuvent \u00e9voluer. Les renseignements ne sont pas exhaustifs, ils sont donn\u00e9s sous r\u00e9serve de modifications ayant \u00e9t\u00e9 apport\u00e9es depuis la mise en ligne.<\/li>\n<li style=\"text-align: justify;\"><strong> Propri\u00e9t\u00e9 intellectuelle et contrefa\u00e7ons<\/strong><br \/>\nsont propri\u00e9taires des droits de propri\u00e9t\u00e9 intellectuelle ou d\u00e9tiennent les droits d\u2019usage sur tous les \u00e9l\u00e9ments accessibles sur le site, notamment les textes, images, graphismes, logo et ic\u00f4nes. Toute reproduction, repr\u00e9sentation, modification, publication, adaptation de tout ou partie des \u00e9l\u00e9ments du site, quel que soit le moyen ou le proc\u00e9d\u00e9 utilis\u00e9, est interdite, sauf autorisation \u00e9crite pr\u00e9alable du <strong>Domaine de Croccano<\/strong>. Toute exploitation non autoris\u00e9e du site ou de l\u2019un des \u00e9l\u00e9ments qu\u2019il contient sera consid\u00e9r\u00e9e comme constitutive d\u2019une contrefa\u00e7on et poursuivie conform\u00e9ment aux dispositions des articles L.335-2 et suivants du Code de Propri\u00e9t\u00e9 Intellectuelle.<\/li>\n<li style=\"text-align: justify;\"><strong> Responsabilit\u00e9s<\/strong>:<br \/>\nLe <strong>Domaine de Croccano<\/strong> ne pourra \u00eatre tenu responsable des dommages directs et indirects caus\u00e9s au mat\u00e9riel de l\u2019utilisateur, lors de l\u2019acc\u00e8s au site <strong>www.corsenature.com <\/strong>r\u00e9sultant soit de l\u2019utilisation d\u2019un mat\u00e9riel d\u00e9fectueux soit de l\u2019apparition d\u2019un bug ou d\u2019une incompatibilit\u00e9.<\/li>\n<li><strong> Gestion des donn\u00e9es personnelles<\/strong><br \/>\nLe site n&#8217;est pas d\u00e9clar\u00e9 \u00e0 la CNIL car il ne recueille pas d&#8217;informations personnelles.<\/li>\n<li style=\"text-align: justify;\"><strong> Liens et cookies<\/strong><br \/>\nLe site <strong>www.corsenature.com<\/strong> contient un certain nombre de liens hypertextes vers d\u2019autres sites, mis en place avec l\u2019autorisation du <strong>Domaine de Croccano<\/strong>. Cependant, celle-ci n\u2019a pas la possibilit\u00e9 de v\u00e9rifier le contenu des sites ainsi visit\u00e9s, et n\u2019assumera en cons\u00e9quence aucune responsabilit\u00e9 de ce fait. La navigation sur le site <strong>www.corsenature.com<\/strong> est susceptible de provoquer l\u2019installation de cookie(s) sur l\u2019ordinateur de l\u2019utilisateur. Un cookie est un fichier de petite taille, qui ne permet pas l\u2019identification de l\u2019utilisateur, mais qui enregistre des informations relatives \u00e0 la navigation d\u2019un ordinateur sur un site. Les donn\u00e9es ainsi obtenues visent \u00e0 permettre diverses mesures de fr\u00e9quentation.<\/li>\n<li style=\"text-align: justify;\"><strong> Droit et juridiction<\/strong><br \/>\nTout litige en relation avec l\u2019utilisation du site <strong>www.corsenature.com<\/strong> est soumis au droit fran\u00e7ais. Il est fait attribution exclusive de juridiction aux tribunaux comp\u00e9tents du d\u00e9partement.<\/li>\n<li style=\"text-align: justify;\"><strong> Les principales lois concern\u00e9es<\/strong><br \/>\nLoi n\u00b0 78-87 du 6 janvier 1978, notamment modifi\u00e9e par la loi n\u00b0 2004-801 du 6 ao\u00fbt 2004 relative \u00e0 l&#8217;informatique, aux fichiers et aux libert\u00e9s. Loi n\u00b0 2004-575 du 21 juin 2004 pour la confiance dans l&#8217;\u00e9conomie num\u00e9rique.<\/li>\n<li style=\"text-align: justify;\"><strong> Lexique<\/strong><br \/>\nUtilisateur : Internaute se connectant, utilisant le site susnomm\u00e9. Informations personnelles : \u00ab les informations qui permettent, sous quelque forme que ce soit, directement ou non, l&#8217;identification des personnes physiques auxquelles elles s&#8217;appliquent \u00bb (article 4 de la loi n\u00b0 78-17 du 6 janvier 1978).<\/li>\n<\/ol>\n<p><\/p>","protected":false},"excerpt":{"rendered":"<p>Mentions l\u00e9gales Pr\u00e9sentation Selon l&#8217;article 6 de la loi n\u00b0 2004-575 du 21 juin 2004 concernant la confiance dans l&#8217;\u00e9conomie num\u00e9rique, il est pr\u00e9cis\u00e9 l&#8217;identit\u00e9 des diff\u00e9rents intervenants aux utilisateurs du site www.corsenature.com. Propri\u00e9taire &amp; Responsable de publication : Domaine de Croccano &#8211; Route de Granace, 20100 Sart\u00e8ne. Cr\u00e9ation : Syxago 84210 Pernes les Fontaines&hellip;<\/p>\n","protected":false},"author":1,"featured_media":0,"parent":0,"menu_order":0,"comment_status":"closed","ping_status":"closed","template":"","meta":{"footnotes":""},"class_list":["post-107","page","type-page","status-publish","hentry","description-off"],"_links":{"self":[{"href":"https:\/\/www.corsenature.com\/en\/wp-json\/wp\/v2\/pages\/107","targetHints":{"allow":["GET"]}}],"collection":[{"href":"https:\/\/www.corsenature.com\/en\/wp-json\/wp\/v2\/pages"}],"about":[{"href":"https:\/\/www.corsenature.com\/en\/wp-json\/wp\/v2\/types\/page"}],"author":[{"embeddable":true,"href":"https:\/\/www.corsenature.com\/en\/wp-json\/wp\/v2\/users\/1"}],"replies":[{"embeddable":true,"href":"https:\/\/www.corsenature.com\/en\/wp-json\/wp\/v2\/comments?post=107"}],"version-history":[{"count":5,"href":"https:\/\/www.corsenature.com\/en\/wp-json\/wp\/v2\/pages\/107\/revisions"}],"predecessor-version":[{"id":5090,"href":"https:\/\/www.corsenature.com\/en\/wp-json\/wp\/v2\/pages\/107\/revisions\/5090"}],"wp:attachment":[{"href":"https:\/\/www.corsenature.com\/en\/wp-json\/wp\/v2\/media?parent=107"}],"curies":[{"name":"wp","href":"https:\/\/api.w.org\/{rel}","templated":true}]}}