{"id":297,"date":"2016-03-10T12:45:34","date_gmt":"2016-03-10T11:45:34","guid":{"rendered":"http:\/\/www.corsenature.com\/?page_id=297"},"modified":"2017-01-29T11:47:06","modified_gmt":"2017-01-29T10:47:06","slug":"sejour-pedestre","status":"publish","type":"page","link":"https:\/\/www.corsenature.com\/it\/sejour-pedestre\/","title":{"rendered":"Soggiorni a piedi &#8220;Sulle tracce degli scrittori romantici&#8221;"},"content":{"rendered":"<p><\/p>\n<h1>Soggiorni a piedi &#8220;Sulle tracce degli scrittori romantici&#8221;<\/h1>\n<p>Che peccato! la descrizione della vacanza a piedi esiste solo in francese, ma faremo del nostro meglio per farvi sognare in italiano&#8230;<\/p>\n<p>Nous vous accueillerons pour une semaine dans notre vieille demeure corse en granit qui domine la mer, pos\u00e9e \u00e0 flanc de montagne sur des terrasses d&#8217;oliviers et de ch\u00eanes-li\u00e8ges. De l\u00e0, vous partirez chaque jour sur les traces d&#8217;\u00e9crivains c\u00e9l\u00e8bres qui ont parcouru l&#8217;\u00eele au si\u00e8cle dernier : Flaubert, Daudet, M\u00e9rim\u00e9e, Maupassant, Dumas.. Mettant vos pas dans les leurs, vous red\u00e9couvrirez les paysages inchang\u00e9s qu&#8217;ils ont immortalis\u00e9s, paysages sublimes charg\u00e9s d&#8217;histoire, de pr\u00e9histoire, de traditions et de beaut\u00e9&#8230;. A bient\u00f4t !<\/p>\n<p>1er jour : R.D.V. \u00e0 Croccano entre 18 et 19h le samedi soir, d\u00e9couverte de la propri\u00e9t\u00e9 ( promenade botanique) <\/p>\n<p>2 i\u00e8me jour : D\u00e9tente et repos.<\/p>\n<p>3\u00e8me jour : Excursion et visite de Sart\u00e8ne &#8220;la plus corse des villes corses selon M\u00e9rim\u00e9e. Centre de pr\u00e9histoire corse et plateau m\u00e9galithique de Cauria d\u00e9crit par M\u00e9rim\u00e9e ( dolmen, menhirs, abris sous roche )<\/p>\n<p>4\u00e8me jour : Transfert \u00e0 la plage de Roccapina et marche sur la c\u00f4te sauvage dans le maquis parfum\u00e9, par la tour g\u00e9noise ( balbuzards ), la plage d&#8217;Erbaju, l&#8217;\u00e9cosyst\u00e8me de l&#8217;Ortolo jusqu&#8217;\u00e0 l&#8217;anse de Cala Barbarina o\u00f9 Alphonse Daudet situe une des &#8220;Lettres de mon moulin&#8221; ( bain possible de Mai \u00e0 Novembre inclus )<\/p>\n<p>5\u00e8me jour : Transfert sur le plateau de L\u00e9vie en passant par Fozzano ( village natal de Colomba, cf. M\u00e9rim\u00e9e ) d\u00e9couverte de superbes ch\u00e2taigneraies et visite des &#8221; castellus &#8221; de l&#8217;\u00e2ge du bronze : Cucuruzzu et Capula .<\/p>\n<p>6\u00e8me jour : Sur les traces d&#8217;Hom\u00e8re et de Maupassant (&#8220;Une vie &#8220;), transfert \u00e0 Bonifacio et fl\u00e2nerie insolite dans l&#8217;architecture de la citadelle blanche, les falaises, les grottes marines de Pertusato, les chemins des contrebandiers ( d&#8217;avril \u00e0 novembre, bain dans une crique d\u00e9serte) .<\/p>\n<p>7\u00e8me jour : En compagnie de Gustave Flaubert&#8221; Voyage aux Pyr\u00e9n\u00e9es et en Corse&#8221; transfert en Alta Rocca, travers\u00e9e des canyons du plateau du Coscione et des pelouses \u00e0 pozzines pr\u00e8s des sommets de la Corse du Sud .<\/p>\n<p>8\u00e8me jour : Dispersion apr\u00e8s le petit-d\u00e9jeuner .D\u00e9tente , emplettes \u00e0 Sart\u00e8ne .<\/p>\n<li>\n<h3>Calendrier -Tarifs des S\u00e9jours P\u00e9destres 2017  et Caract\u00e9ristiques des S\u00e9jours<\/p>\n<h3><\/li>\n<p><strong><em>D\u00e9but des S\u00e9jours<\/strong><\/em> : chaque dimanche soir sur r\u00e9servation.<\/p>\n<p><strong><em>Dur\u00e9e<\/strong><\/em> : 7 jours, du samedi (accueil entre 18 et 19 heures), au samedi suivant apr\u00e8s le petit-d\u00e9jeuner.<\/p>\n<p><strong><em>Niveau<\/strong><\/em> : Adaptable \u00e0 la demande des participants. Sans portage ( de 2 \u00e0 6 heures de marche par jour )<\/p>\n<p><strong><em>H\u00e9bergement<\/strong><\/em> : Vieille demeure corse, sur un domaine de 10 ha qui domine la mer et la vall\u00e9e du Rizzan\u00e8se,<br \/>\n3 chambres d&#8217;h\u00f4tes de charme et 3 salles de bains; bel int\u00e9rieur rustique confortable et plein de charme r\u00e9gional . Le calme absolu ! <\/p>\n<p><strong><em>B&#038;B<\/strong><\/em> : petits d\u00e9jeuners inclus ( savoureux et complets : caf\u00e9, th\u00e9, chocolat,  jus d&#8217;orange, pains de campagne, fruits, g\u00e2teaux, c\u00e9r\u00e9ales, miel, canistrellis et de d\u00e9licieuses confitures maison )<\/p>\n<p><strong><em>Groupes<\/strong><\/em> : de 2 \u00e0 10 participants .. Ambiance conviviale, accueil personnalis\u00e9. .<\/p>\n<p><strong><em>Prix<\/strong><\/em> : pour deux personnes en B&#038;B : d&#8217;Octobre \u00e0 Avril inclus : 690 Euros &#8211; Mai -Juin-Septembre : 760 Euros- Juillet-Ao\u00fbt : 865 \u20ac<br \/>\n&#8211; randonneur suppl\u00e9mentaire ( au-del\u00e0 de 2 ) dans la m\u00eame chambre : de Septembre \u00e0 Juin : 305  \u20ac en B&#038;B \u2013 Juillet-Ao\u00fbt : 340 \u20ac<\/p>\n<p>A partir de deux personnes, sans guide, vous vous rendez chaque jour avec votre voiture au point de d\u00e9part de votre marche; les indications de visite et les cartes des sentiers vous sont fournies chaque matin au cours du petit-d\u00e9jeuner o\u00f9 nous construisons ensemble &#8220;sur mesure&#8221; votre p\u00e9riple du jour .<\/p>\n<p><strong><em>Suppl\u00e9ments<\/strong><\/em> : entr\u00e9es \u00e9ventuelles dans les mus\u00e9es et les sites en sus. <\/p>\n<p>Pour pr\u00e9parer votre s\u00e9jour : 1) &#8220;Corse&#8221; collection l&#8217;Iconoth\u00e8que &#8211; \u00c9ditions J.C. Latt\u00e8s 2) &#8221; La Terre des Seigneurs&#8221; de Gabriel-Xavier Culioli &#8211; \u00c9ditions Lieu Commun 3) Guide Gallimard de la Corse du Sud<br \/>\n<\/p>","protected":false},"excerpt":{"rendered":"<p>Soggiorni a piedi &#8220;Sulle tracce degli scrittori romantici&#8221; Che peccato! la descrizione della vacanza a piedi esiste solo in francese, ma faremo del nostro meglio per farvi sognare in italiano&#8230; Nous vous accueillerons pour une semaine dans notre vieille demeure corse en granit qui domine la mer, pos\u00e9e \u00e0 flanc de montagne sur des terrasses&hellip;<\/p>\n","protected":false},"author":1,"featured_media":0,"parent":0,"menu_order":0,"comment_status":"closed","ping_status":"closed","template":"","meta":{"footnotes":""},"class_list":["post-297","page","type-page","status-publish","hentry","description-off"],"_links":{"self":[{"href":"https:\/\/www.corsenature.com\/it\/wp-json\/wp\/v2\/pages\/297","targetHints":{"allow":["GET"]}}],"collection":[{"href":"https:\/\/www.corsenature.com\/it\/wp-json\/wp\/v2\/pages"}],"about":[{"href":"https:\/\/www.corsenature.com\/it\/wp-json\/wp\/v2\/types\/page"}],"author":[{"embeddable":true,"href":"https:\/\/www.corsenature.com\/it\/wp-json\/wp\/v2\/users\/1"}],"replies":[{"embeddable":true,"href":"https:\/\/www.corsenature.com\/it\/wp-json\/wp\/v2\/comments?post=297"}],"version-history":[{"count":22,"href":"https:\/\/www.corsenature.com\/it\/wp-json\/wp\/v2\/pages\/297\/revisions"}],"predecessor-version":[{"id":360,"href":"https:\/\/www.corsenature.com\/it\/wp-json\/wp\/v2\/pages\/297\/revisions\/360"}],"wp:attachment":[{"href":"https:\/\/www.corsenature.com\/it\/wp-json\/wp\/v2\/media?parent=297"}],"curies":[{"name":"wp","href":"https:\/\/api.w.org\/{rel}","templated":true}]}}