{"id":48,"date":"2015-05-12T09:52:35","date_gmt":"2015-05-12T08:52:35","guid":{"rendered":"http:\/\/www.corsenature.com\/?page_id=48"},"modified":"2024-11-07T12:56:49","modified_gmt":"2024-11-07T11:56:49","slug":"reservation","status":"publish","type":"page","link":"https:\/\/www.corsenature.com\/it\/reservation\/","title":{"rendered":"Disponibilit\u00e0, prenotazione e pagamento online"},"content":{"rendered":"<p><\/p>\n<h1>Disponibilit\u00e0, prenotazione e pagamento online per le camere in B&amp;B<\/h1>\n<p>Prenotazione per <strong>3 o pi\u00f9 notti<\/strong> in Aprile e Ottobre o <strong>5 notti o pi\u00f9<\/strong> da Maggio a Settembre inclusi:<strong> richiedici il modulo di contatto (menu a destra) o ci chiami al numero :\u00a0 +33 4 95 77 11 37<\/strong><\/p>\n<p><strong>La prenotazione online \u00e8 temporaneamente disattivata.<\/strong><\/p>\n<p><script type=\"text\/javascript\" src=\"\/\/gadget.open-system.fr\/widgets-libs\/rel\/noyau-1.0.min.js\"><\/script><br \/>\n<script type=\"text\/javascript\">\n( function() {\n              var widgetProduit = AllianceReseaux.Widget.Instance( \"Produit\", { idPanier:\"gSmAgYE\", idIntegration:858, langue:\"it\", ui:\"OSCH-90418\" } );\n              widgetProduit.Initialise();\n})();\n<\/script><\/p>\n<p>&nbsp;<\/p>","protected":false},"excerpt":{"rendered":"<p>Disponibilit\u00e0, prenotazione e pagamento online per le camere in B&amp;B Prenotazione per 3 o pi\u00f9 notti in Aprile e Ottobre o 5 notti o pi\u00f9 da Maggio a Settembre inclusi: richiedici il modulo di contatto (menu a destra) o ci chiami al numero :\u00a0 +33 4 95 77 11 37 La prenotazione online \u00e8 temporaneamente&hellip;<\/p>\n","protected":false},"author":1,"featured_media":0,"parent":0,"menu_order":0,"comment_status":"closed","ping_status":"closed","template":"","meta":{"footnotes":""},"class_list":["post-48","page","type-page","status-publish","hentry","description-off"],"_links":{"self":[{"href":"https:\/\/www.corsenature.com\/it\/wp-json\/wp\/v2\/pages\/48","targetHints":{"allow":["GET"]}}],"collection":[{"href":"https:\/\/www.corsenature.com\/it\/wp-json\/wp\/v2\/pages"}],"about":[{"href":"https:\/\/www.corsenature.com\/it\/wp-json\/wp\/v2\/types\/page"}],"author":[{"embeddable":true,"href":"https:\/\/www.corsenature.com\/it\/wp-json\/wp\/v2\/users\/1"}],"replies":[{"embeddable":true,"href":"https:\/\/www.corsenature.com\/it\/wp-json\/wp\/v2\/comments?post=48"}],"version-history":[{"count":79,"href":"https:\/\/www.corsenature.com\/it\/wp-json\/wp\/v2\/pages\/48\/revisions"}],"predecessor-version":[{"id":5858,"href":"https:\/\/www.corsenature.com\/it\/wp-json\/wp\/v2\/pages\/48\/revisions\/5858"}],"wp:attachment":[{"href":"https:\/\/www.corsenature.com\/it\/wp-json\/wp\/v2\/media?parent=48"}],"curies":[{"name":"wp","href":"https:\/\/api.w.org\/{rel}","templated":true}]}}